{"id":145,"date":"2016-04-13T13:10:43","date_gmt":"2016-04-13T13:10:43","guid":{"rendered":"https:\/\/inspireme-mc.com\/?page_id=145"},"modified":"2021-12-20T18:11:25","modified_gmt":"2021-12-20T17:11:25","slug":"chi-siamo","status":"publish","type":"page","link":"https:\/\/www.inspireme-mc.com\/it\/chi-siamo\/","title":{"rendered":"Chi siamo"},"content":{"rendered":"<p>[et_pb_section fb_built=&#8221;1&#8243; fullwidth=&#8221;on&#8221; admin_label=&#8221;Sezione&#8221; _builder_version=&#8221;3.22&#8243;][et_pb_fullwidth_slider admin_label=&#8221;Slider a Larghezza Piena&#8221; _builder_version=&#8221;3.16&#8243; custom_padding=&#8221;|||&#8221; custom_padding_tablet=&#8221;|||&#8221; custom_padding_phone=&#8221;|||&#8221; box_shadow_style=&#8221;preset6&#8243; box_shadow_blur=&#8221;10px&#8221; box_shadow_color=&#8221;rgba(0,0,0,0.1)&#8221; remove_inner_shadow=&#8221;off&#8221; hide_content_on_mobile=&#8221;off&#8221; hide_cta_on_mobile=&#8221;off&#8221; show_inner_shadow=&#8221;on&#8221; button_letter_spacing_hover=&#8221;0&#8243; button_text_size__hover_enabled=&#8221;off&#8221; button_one_text_size__hover_enabled=&#8221;off&#8221; button_two_text_size__hover_enabled=&#8221;off&#8221; button_text_color__hover_enabled=&#8221;off&#8221; button_one_text_color__hover_enabled=&#8221;off&#8221; button_two_text_color__hover_enabled=&#8221;off&#8221; button_border_width__hover_enabled=&#8221;off&#8221; button_one_border_width__hover_enabled=&#8221;off&#8221; button_two_border_width__hover_enabled=&#8221;off&#8221; button_border_color__hover_enabled=&#8221;off&#8221; button_one_border_color__hover_enabled=&#8221;off&#8221; button_two_border_color__hover_enabled=&#8221;off&#8221; button_border_radius__hover_enabled=&#8221;off&#8221; button_one_border_radius__hover_enabled=&#8221;off&#8221; button_two_border_radius__hover_enabled=&#8221;off&#8221; button_letter_spacing__hover_enabled=&#8221;on&#8221; button_letter_spacing__hover=&#8221;0&#8243; button_one_letter_spacing__hover_enabled=&#8221;off&#8221; button_two_letter_spacing__hover_enabled=&#8221;off&#8221; button_bg_color__hover_enabled=&#8221;off&#8221; button_one_bg_color__hover_enabled=&#8221;off&#8221; button_two_bg_color__hover_enabled=&#8221;off&#8221;][et_pb_slide use_bg_overlay=&#8221;off&#8221; use_text_overlay=&#8221;off&#8221; _builder_version=&#8221;3.16&#8243; header_font=&#8221;||||&#8221; body_font=&#8221;||||&#8221; background_color=&#8221;#ffffff&#8221; background_image=&#8221;https:\/\/www.inspireme-mc.com\/it\/wp-content\/uploads\/sites\/3\/2016\/06\/IMG_7523WEB.jpg&#8221; button_icon_placement=&#8221;right&#8221; button_on_hover=&#8221;on&#8221; button_text_size__hover_enabled=&#8221;off&#8221; button_one_text_size__hover_enabled=&#8221;off&#8221; button_two_text_size__hover_enabled=&#8221;off&#8221; button_text_color__hover_enabled=&#8221;off&#8221; button_one_text_color__hover_enabled=&#8221;off&#8221; button_two_text_color__hover_enabled=&#8221;off&#8221; button_border_width__hover_enabled=&#8221;off&#8221; button_one_border_width__hover_enabled=&#8221;off&#8221; button_two_border_width__hover_enabled=&#8221;off&#8221; button_border_color__hover_enabled=&#8221;off&#8221; button_one_border_color__hover_enabled=&#8221;off&#8221; button_two_border_color__hover_enabled=&#8221;off&#8221; button_border_radius__hover_enabled=&#8221;off&#8221; button_one_border_radius__hover_enabled=&#8221;off&#8221; button_two_border_radius__hover_enabled=&#8221;off&#8221; button_letter_spacing__hover_enabled=&#8221;off&#8221; button_one_letter_spacing__hover_enabled=&#8221;off&#8221; button_two_letter_spacing__hover_enabled=&#8221;off&#8221; button_bg_color__hover_enabled=&#8221;off&#8221; button_one_bg_color__hover_enabled=&#8221;off&#8221; button_two_bg_color__hover_enabled=&#8221;off&#8221; sticky_transition=&#8221;on&#8221;] [\/et_pb_slide][\/et_pb_fullwidth_slider][\/et_pb_section][et_pb_section fb_built=&#8221;1&#8243; custom_padding_last_edited=&#8221;on|desktop&#8221; admin_label=&#8221;Sezione&#8221; _builder_version=&#8221;3.22&#8243; background_color=&#8221;#d1d1d1&#8243; custom_padding_tablet=&#8221;50px|0|50px|0&#8243; custom_padding_phone=&#8221;&#8221; transparent_background=&#8221;off&#8221; padding_mobile=&#8221;off&#8221; make_fullwidth=&#8221;off&#8221; use_custom_width=&#8221;off&#8221; width_unit=&#8221;on&#8221;][et_pb_row column_structure=&#8221;1_2,1_2&#8243; padding_mobile=&#8221;off&#8221; column_padding_mobile=&#8221;on&#8221; admin_label=&#8221;Riga&#8221; module_class=&#8221; et_pb_row_fullwidth&#8221; _builder_version=&#8221;3.25&#8243; background_color=&#8221;#d1d1d1&#8243; background_size=&#8221;initial&#8221; background_position=&#8221;top_left&#8221; background_repeat=&#8221;repeat&#8221; width=&#8221;89%&#8221; width_tablet=&#8221;80%&#8221; width_phone=&#8221;&#8221; width_last_edited=&#8221;on|desktop&#8221; max_width=&#8221;89%&#8221; max_width_tablet=&#8221;80%&#8221; max_width_phone=&#8221;&#8221; max_width_last_edited=&#8221;on|desktop&#8221; make_fullwidth=&#8221;on&#8221; use_custom_width=&#8221;off&#8221; width_unit=&#8221;on&#8221;][et_pb_column type=&#8221;1_2&#8243; _builder_version=&#8221;3.25&#8243; custom_padding=&#8221;|||&#8221; custom_padding__hover=&#8221;|||&#8221;][et_pb_text admin_label=&#8221;Titolo About MIEK&#8221; _builder_version=&#8221;4.9.0&#8243; text_font=&#8221;Raleway Light||||&#8221; text_font_size=&#8221;24&#8243; background_size=&#8221;initial&#8221; background_position=&#8221;top_left&#8221; background_repeat=&#8221;repeat&#8221; use_border_color=&#8221;off&#8221; border_color=&#8221;#ffffff&#8221; border_style=&#8221;solid&#8221;]<\/p>\n<p>Inspire ME<\/p>\n<p>[\/et_pb_text][et_pb_text admin_label=&#8221;Testo&#8221; _builder_version=&#8221;4.9.0&#8243; background_size=&#8221;initial&#8221; background_position=&#8221;top_left&#8221; background_repeat=&#8221;repeat&#8221; hover_enabled=&#8221;0&#8243; use_border_color=&#8221;off&#8221; border_color=&#8221;#ffffff&#8221; border_style=&#8221;solid&#8221; sticky_enabled=&#8221;0&#8243;]Inspire-me Monte Carlo \u00e8 stata fondata nel 2015 da Miek Egberts e Moreno Sonatori,<span>\u00a0<\/span>marito di Miek, che per 25 anni ha seguito la crescita professionale di Miek prima da consulente artistico e regista, poi da co-fondatore di InspireME.<\/p>\n<p>Insieme,<span>\u00a0<\/span>con<span>\u00a0<\/span>instancabile entusiasmo e determinazione,<span>\u00a0<\/span>hanno portato InspireMEe a diventare un punto di riferimento nel panorama internazionale del DMC.<\/p>\n<p>Fino al\u00a0luglio 2021, Miek \u00e8 stata\u00a0l\u2019anima e il motore\u00a0di InspireME, quando \u00e8 stata vittima di un tragico evento.<\/p>\n<p>Nonostante questa grande perdita, Il team di InspireME forte della esperienza maturata, dei risultati raggiunti e grazie alla leadership di Moreno Sonatori che ha assunto la carica di CEO, continua\u00a0ad operare mantenendo inalterata la visione e la filosofia dei fondatori e dei loro figli.<\/p>\n<p>Il team di InspireME \u00e8 sempre lieto di progettare per Voi un\u2019esperienza indimenticabile nei settori: eventi, turismo, spettacolo, incentive.<\/p>\n<p><a href=\"https:\/\/www.inspireme-mc.com\/wp-content\/uploads\/2016\/04\/icona4_mail.png\"><img loading=\"lazy\" decoding=\"async\" class=\"alignnone size-full wp-image-615\" src=\"https:\/\/www.inspireme-mc.com\/wp-content\/uploads\/2016\/04\/icona4_mail.png\" alt=\"icona4_mail\" width=\"26\" height=\"20\" \/><\/a> \u00a0<a href=\"mailto:moreno@inspireme-mc.com\">moreno@inspireme-mc.com<\/a><br \/>\n Moreno Sonatori (CEO and founder)\u00a0 Phone <a href=\"tel:+39 335 231338\">+39 335 231338<\/a><br \/>\n&nbsp;[\/et_pb_text][\/et_pb_column][et_pb_column type=&#8221;1_2&#8243; _builder_version=&#8221;3.25&#8243; custom_padding=&#8221;|||&#8221; custom_padding__hover=&#8221;|||&#8221;][et_pb_gallery gallery_ids=&#8221;980&#8243; fullwidth=&#8221;on&#8221; admin_label=&#8221;Galleria About Us&#8221; _builder_version=&#8221;4.9.0&#8243; caption_all_caps=&#8221;off&#8221; background_layout=&#8221;dark&#8221; auto=&#8221;on&#8221; auto_speed=&#8221;4500&#8243; use_border_color=&#8221;off&#8221; border_color=&#8221;#ffffff&#8221; border_style=&#8221;solid&#8221;][\/et_pb_gallery][\/et_pb_column][\/et_pb_row][et_pb_row column_structure=&#8221;1_2,1_2&#8243; padding_mobile=&#8221;off&#8221; column_padding_mobile=&#8221;on&#8221; admin_label=&#8221;Riga&#8221; module_class=&#8221; et_pb_row_fullwidth&#8221; _builder_version=&#8221;3.25&#8243; background_color=&#8221;#d1d1d1&#8243; background_size=&#8221;initial&#8221; background_position=&#8221;top_left&#8221; background_repeat=&#8221;repeat&#8221; width=&#8221;89%&#8221; width_tablet=&#8221;80%&#8221; width_phone=&#8221;&#8221; width_last_edited=&#8221;on|desktop&#8221; max_width=&#8221;89%&#8221; max_width_tablet=&#8221;80%&#8221; max_width_phone=&#8221;&#8221; max_width_last_edited=&#8221;on|desktop&#8221; make_fullwidth=&#8221;on&#8221; use_custom_width=&#8221;off&#8221; width_unit=&#8221;on&#8221;][et_pb_column type=&#8221;1_2&#8243; _builder_version=&#8221;3.25&#8243; custom_padding=&#8221;|||&#8221; custom_padding__hover=&#8221;|||&#8221;][et_pb_gallery gallery_ids=&#8221;103&#8243; fullwidth=&#8221;on&#8221; admin_label=&#8221;Galleria About Us&#8221; _builder_version=&#8221;3.0.87&#8243; caption_all_caps=&#8221;off&#8221; background_layout=&#8221;dark&#8221; auto=&#8221;on&#8221; auto_speed=&#8221;4500&#8243; use_border_color=&#8221;off&#8221; border_color=&#8221;#ffffff&#8221; border_style=&#8221;solid&#8221;][\/et_pb_gallery][\/et_pb_column][et_pb_column type=&#8221;1_2&#8243; _builder_version=&#8221;3.25&#8243; custom_padding=&#8221;|||&#8221; custom_padding__hover=&#8221;|||&#8221;][et_pb_text admin_label=&#8221;Titolo About MIEK&#8221; _builder_version=&#8221;3.27.4&#8243; text_font=&#8221;Raleway Light||||&#8221; text_font_size=&#8221;24&#8243; background_size=&#8221;initial&#8221; background_position=&#8221;top_left&#8221; background_repeat=&#8221;repeat&#8221; use_border_color=&#8221;off&#8221; border_color=&#8221;#ffffff&#8221; border_style=&#8221;solid&#8221;]MARIA ARNOLDA EGBERTS<br \/>\n[\/et_pb_text][et_pb_text admin_label=&#8221;Testo&#8221; _builder_version=&#8221;3.27.4&#8243; background_size=&#8221;initial&#8221; background_position=&#8221;top_left&#8221; background_repeat=&#8221;repeat&#8221; use_border_color=&#8221;off&#8221; border_color=&#8221;#ffffff&#8221; border_style=&#8221;solid&#8221;]Con oltre 25 anni di esperienza nell\u2019industria Mice e dell\u2019ospitalit\u00e0 e pi\u00f9 di mille viaggi incentive, eventi, matrimoni, lanci di prodotto e conferenze, Miek Egberts \u00e8 una dei meeting planner esperienziali pi\u00f9 noti e ricercati d\u2019Europa.<\/p>\n<p>\u00c8 conosciuta per le sue idee creative e piene di stile, per la sua profonda conoscenza di innumerevoli destinazioni e la sua speciale sensibilit\u00e0 per i desideri e i bisogni dei clienti.<\/p>\n<p><a href=\"\/it\/chi-siamo\/#more\">[leggi di pi\u00f9]<\/a><br \/>\n[\/et_pb_text][\/et_pb_column][\/et_pb_row][\/et_pb_section][et_pb_section fb_built=&#8221;1&#8243; custom_padding_last_edited=&#8221;on|desktop&#8221; admin_label=&#8221;Sezione&#8221; _builder_version=&#8221;3.22&#8243; background_color=&#8221;#ffffff&#8221; background_image=&#8221;https:\/\/inspireme-mc.com\/wp-content\/uploads\/2016\/04\/sfondo_trasp_solo_logo.png&#8221; custom_padding_tablet=&#8221;50px|0|50px|0&#8243; custom_padding_phone=&#8221;&#8221; transparent_background=&#8221;off&#8221; padding_mobile=&#8221;off&#8221; make_fullwidth=&#8221;off&#8221; use_custom_width=&#8221;off&#8221; width_unit=&#8221;on&#8221;][et_pb_row column_structure=&#8221;2_3,1_3&#8243; admin_label=&#8221;Riga&#8221; _builder_version=&#8221;3.25&#8243; background_size=&#8221;initial&#8221; background_position=&#8221;top_left&#8221; background_repeat=&#8221;repeat&#8221;][et_pb_column type=&#8221;2_3&#8243; _builder_version=&#8221;3.25&#8243; custom_padding=&#8221;|||&#8221; custom_padding__hover=&#8221;|||&#8221;][et_pb_text admin_label=&#8221;Titolo Miek&#8221; _builder_version=&#8221;3.27.4&#8243; text_font=&#8221;Raleway Light||||&#8221; text_font_size=&#8221;24&#8243; background_size=&#8221;initial&#8221; background_position=&#8221;top_left&#8221; background_repeat=&#8221;repeat&#8221; use_border_color=&#8221;off&#8221; border_color=&#8221;#ffffff&#8221; border_style=&#8221;solid&#8221;]<a name=\"more\"><\/a><br \/>\nMORE&#8230;.<br \/>\n[\/et_pb_text][et_pb_text admin_label=&#8221;Testo&#8221; _builder_version=&#8221;3.27.4&#8243; background_size=&#8221;initial&#8221; background_position=&#8221;top_left&#8221; background_repeat=&#8221;repeat&#8221; use_border_color=&#8221;off&#8221; border_color=&#8221;#ffffff&#8221; border_style=&#8221;solid&#8221;]Miek \u00e8 olandese, ma ha vissuto dalla sua infanzia in varie parti del Mediterraneo: Italia, Portogallo, Francia del sud e Principato di Monaco. Ha studiato Business &amp; Administration alla Hoge Hotelschool di Maastricht in Olanda specializzandosi in turismo e marketing.<\/p>\n<p>Ha un\u2019esperienza a tutto tondo nell\u2019industria degli eventi e dell\u2019ospitalit\u00e0 avendo lavorato in numerosi hotel di lusso in Olanda, Italia e nel Principato di Monaco, poi in una DMC di propriet\u00e0 leader nel mercato italiano, e poi ancora, nel Principato, come responsabile di una DMC appartenente a una delle maggiori destination management company al mondo.<\/p>\n<p>Ha le certificazioni CMP e CMM ed \u00e8 membro attivo di Site\u2013Society for Incentive Travel Excellence. \u00c8 imprenditrice olistica e umanistica.<\/p>\n<p>Miek ha due figli, un bimbo e una bimba. Attualmente vive tra Monte Carlo <strong>&#8211; <\/strong>Principato di Monaco e, curiosamente, in un\u2019altra citt\u00e0 con lo stesso nome ma localizzata altrove: Montecarlo, Lucca.<\/p>\n<p>Ha una passione per la mindfullness, l\u2019arte, la musica, la gastronomia, il lifestyle &amp; design, la sostenibilit\u00e0, la produzione del vino, le culture, i viaggi\u2026 e le persone!<br \/>\n[\/et_pb_text][\/et_pb_column][et_pb_column type=&#8221;1_3&#8243; _builder_version=&#8221;3.25&#8243; custom_padding=&#8221;|||&#8221; custom_padding__hover=&#8221;|||&#8221;][et_pb_team_member name=&#8221;Miek Egberts&#8221; image_url=&#8221;https:\/\/www.inspireme-mc.com\/it\/wp-content\/uploads\/sites\/3\/2016\/04\/Miek_tonda.png&#8221; linkedin_url=&#8221;https:\/\/mc.linkedin.com\/in\/miek-maria-arnolda-egberts-cmp-cmm-1aa1817&#8243; admin_label=&#8221;Persona&#8221; _builder_version=&#8221;3.0.87&#8243; background_size=&#8221;initial&#8221; background_position=&#8221;top_left&#8221; background_repeat=&#8221;repeat&#8221; animation=&#8221;fade_in&#8221; use_border_color=&#8221;off&#8221; border_color=&#8221;#ffffff&#8221; border_style=&#8221;solid&#8221;][\/et_pb_team_member][\/et_pb_column][\/et_pb_row][\/et_pb_section]<\/p>\n","protected":false},"excerpt":{"rendered":"<p>Inspire MEInspire-me Monte Carlo \u00e8 stata fondata nel 2015 da Miek Egberts e Moreno Sonatori,\u00a0marito di Miek, che per 25 anni ha seguito la crescita professionale di Miek prima da consulente artistico e regista, poi da co-fondatore di InspireME. Insieme,\u00a0con\u00a0instancabile entusiasmo e determinazione,\u00a0hanno portato InspireMEe a diventare un punto di riferimento nel panorama internazionale del [&hellip;]<\/p>\n","protected":false},"author":1,"featured_media":0,"parent":0,"menu_order":0,"comment_status":"closed","ping_status":"closed","template":"","meta":{"_et_pb_use_builder":"on","_et_pb_old_content":"","_et_gb_content_width":"","footnotes":""},"class_list":["post-145","page","type-page","status-publish","hentry"],"yoast_head":"<!-- This site is optimized with the Yoast SEO plugin v27.1.1 - https:\/\/yoast.com\/product\/yoast-seo-wordpress\/ -->\n<title>Chi siamo - InspireMe Montecarlo - IT<\/title>\n<meta name=\"robots\" content=\"index, follow, max-snippet:-1, max-image-preview:large, max-video-preview:-1\" \/>\n<link rel=\"canonical\" href=\"https:\/\/www.inspireme-mc.com\/it\/chi-siamo\/\" \/>\n<meta property=\"og:locale\" content=\"it_IT\" \/>\n<meta property=\"og:type\" content=\"article\" \/>\n<meta property=\"og:title\" content=\"Chi siamo - InspireMe Montecarlo - IT\" \/>\n<meta property=\"og:description\" content=\"Inspire MEInspire-me Monte Carlo \u00e8 stata fondata nel 2015 da Miek Egberts e Moreno Sonatori,\u00a0marito di Miek, che per 25 anni ha seguito la crescita professionale di Miek prima da consulente artistico e regista, poi da co-fondatore di InspireME. Insieme,\u00a0con\u00a0instancabile entusiasmo e determinazione,\u00a0hanno portato InspireMEe a diventare un punto di riferimento nel panorama internazionale del [&hellip;]\" \/>\n<meta property=\"og:url\" content=\"https:\/\/www.inspireme-mc.com\/it\/chi-siamo\/\" \/>\n<meta property=\"og:site_name\" content=\"InspireMe Montecarlo - IT\" \/>\n<meta property=\"article:modified_time\" content=\"2021-12-20T17:11:25+00:00\" \/>\n<meta property=\"og:image\" content=\"https:\/\/www.inspireme-mc.com\/wp-content\/uploads\/2016\/04\/icona4_mail.png\" \/>\n<meta name=\"twitter:card\" content=\"summary_large_image\" \/>\n<meta name=\"twitter:label1\" content=\"Tempo di lettura stimato\" \/>\n\t<meta name=\"twitter:data1\" content=\"8 minuti\" \/>\n<script type=\"application\/ld+json\" class=\"yoast-schema-graph\">{\"@context\":\"https:\/\/schema.org\",\"@graph\":[{\"@type\":\"WebPage\",\"@id\":\"https:\/\/www.inspireme-mc.com\/it\/chi-siamo\/\",\"url\":\"https:\/\/www.inspireme-mc.com\/it\/chi-siamo\/\",\"name\":\"Chi siamo - InspireMe Montecarlo - IT\",\"isPartOf\":{\"@id\":\"https:\/\/www.inspireme-mc.com\/it\/#website\"},\"primaryImageOfPage\":{\"@id\":\"https:\/\/www.inspireme-mc.com\/it\/chi-siamo\/#primaryimage\"},\"image\":{\"@id\":\"https:\/\/www.inspireme-mc.com\/it\/chi-siamo\/#primaryimage\"},\"thumbnailUrl\":\"https:\/\/www.inspireme-mc.com\/wp-content\/uploads\/2016\/04\/icona4_mail.png\",\"datePublished\":\"2016-04-13T13:10:43+00:00\",\"dateModified\":\"2021-12-20T17:11:25+00:00\",\"breadcrumb\":{\"@id\":\"https:\/\/www.inspireme-mc.com\/it\/chi-siamo\/#breadcrumb\"},\"inLanguage\":\"it-IT\",\"potentialAction\":[{\"@type\":\"ReadAction\",\"target\":[\"https:\/\/www.inspireme-mc.com\/it\/chi-siamo\/\"]}]},{\"@type\":\"ImageObject\",\"inLanguage\":\"it-IT\",\"@id\":\"https:\/\/www.inspireme-mc.com\/it\/chi-siamo\/#primaryimage\",\"url\":\"https:\/\/www.inspireme-mc.com\/wp-content\/uploads\/2016\/04\/icona4_mail.png\",\"contentUrl\":\"https:\/\/www.inspireme-mc.com\/wp-content\/uploads\/2016\/04\/icona4_mail.png\"},{\"@type\":\"BreadcrumbList\",\"@id\":\"https:\/\/www.inspireme-mc.com\/it\/chi-siamo\/#breadcrumb\",\"itemListElement\":[{\"@type\":\"ListItem\",\"position\":1,\"name\":\"Home\",\"item\":\"https:\/\/www.inspireme-mc.com\/it\/\"},{\"@type\":\"ListItem\",\"position\":2,\"name\":\"Chi siamo\"}]},{\"@type\":\"WebSite\",\"@id\":\"https:\/\/www.inspireme-mc.com\/it\/#website\",\"url\":\"https:\/\/www.inspireme-mc.com\/it\/\",\"name\":\"InspireMe Montecarlo - IT\",\"description\":\"Montecarlo\",\"potentialAction\":[{\"@type\":\"SearchAction\",\"target\":{\"@type\":\"EntryPoint\",\"urlTemplate\":\"https:\/\/www.inspireme-mc.com\/it\/?s={search_term_string}\"},\"query-input\":{\"@type\":\"PropertyValueSpecification\",\"valueRequired\":true,\"valueName\":\"search_term_string\"}}],\"inLanguage\":\"it-IT\"}]}<\/script>\n<!-- \/ Yoast SEO plugin. -->","yoast_head_json":{"title":"Chi siamo - InspireMe Montecarlo - IT","robots":{"index":"index","follow":"follow","max-snippet":"max-snippet:-1","max-image-preview":"max-image-preview:large","max-video-preview":"max-video-preview:-1"},"canonical":"https:\/\/www.inspireme-mc.com\/it\/chi-siamo\/","og_locale":"it_IT","og_type":"article","og_title":"Chi siamo - InspireMe Montecarlo - IT","og_description":"Inspire MEInspire-me Monte Carlo \u00e8 stata fondata nel 2015 da Miek Egberts e Moreno Sonatori,\u00a0marito di Miek, che per 25 anni ha seguito la crescita professionale di Miek prima da consulente artistico e regista, poi da co-fondatore di InspireME. Insieme,\u00a0con\u00a0instancabile entusiasmo e determinazione,\u00a0hanno portato InspireMEe a diventare un punto di riferimento nel panorama internazionale del [&hellip;]","og_url":"https:\/\/www.inspireme-mc.com\/it\/chi-siamo\/","og_site_name":"InspireMe Montecarlo - IT","article_modified_time":"2021-12-20T17:11:25+00:00","og_image":[{"url":"https:\/\/www.inspireme-mc.com\/wp-content\/uploads\/2016\/04\/icona4_mail.png","type":"","width":"","height":""}],"twitter_card":"summary_large_image","twitter_misc":{"Tempo di lettura stimato":"8 minuti"},"schema":{"@context":"https:\/\/schema.org","@graph":[{"@type":"WebPage","@id":"https:\/\/www.inspireme-mc.com\/it\/chi-siamo\/","url":"https:\/\/www.inspireme-mc.com\/it\/chi-siamo\/","name":"Chi siamo - InspireMe Montecarlo - IT","isPartOf":{"@id":"https:\/\/www.inspireme-mc.com\/it\/#website"},"primaryImageOfPage":{"@id":"https:\/\/www.inspireme-mc.com\/it\/chi-siamo\/#primaryimage"},"image":{"@id":"https:\/\/www.inspireme-mc.com\/it\/chi-siamo\/#primaryimage"},"thumbnailUrl":"https:\/\/www.inspireme-mc.com\/wp-content\/uploads\/2016\/04\/icona4_mail.png","datePublished":"2016-04-13T13:10:43+00:00","dateModified":"2021-12-20T17:11:25+00:00","breadcrumb":{"@id":"https:\/\/www.inspireme-mc.com\/it\/chi-siamo\/#breadcrumb"},"inLanguage":"it-IT","potentialAction":[{"@type":"ReadAction","target":["https:\/\/www.inspireme-mc.com\/it\/chi-siamo\/"]}]},{"@type":"ImageObject","inLanguage":"it-IT","@id":"https:\/\/www.inspireme-mc.com\/it\/chi-siamo\/#primaryimage","url":"https:\/\/www.inspireme-mc.com\/wp-content\/uploads\/2016\/04\/icona4_mail.png","contentUrl":"https:\/\/www.inspireme-mc.com\/wp-content\/uploads\/2016\/04\/icona4_mail.png"},{"@type":"BreadcrumbList","@id":"https:\/\/www.inspireme-mc.com\/it\/chi-siamo\/#breadcrumb","itemListElement":[{"@type":"ListItem","position":1,"name":"Home","item":"https:\/\/www.inspireme-mc.com\/it\/"},{"@type":"ListItem","position":2,"name":"Chi siamo"}]},{"@type":"WebSite","@id":"https:\/\/www.inspireme-mc.com\/it\/#website","url":"https:\/\/www.inspireme-mc.com\/it\/","name":"InspireMe Montecarlo - IT","description":"Montecarlo","potentialAction":[{"@type":"SearchAction","target":{"@type":"EntryPoint","urlTemplate":"https:\/\/www.inspireme-mc.com\/it\/?s={search_term_string}"},"query-input":{"@type":"PropertyValueSpecification","valueRequired":true,"valueName":"search_term_string"}}],"inLanguage":"it-IT"}]}},"_links":{"self":[{"href":"https:\/\/www.inspireme-mc.com\/it\/wp-json\/wp\/v2\/pages\/145","targetHints":{"allow":["GET"]}}],"collection":[{"href":"https:\/\/www.inspireme-mc.com\/it\/wp-json\/wp\/v2\/pages"}],"about":[{"href":"https:\/\/www.inspireme-mc.com\/it\/wp-json\/wp\/v2\/types\/page"}],"author":[{"embeddable":true,"href":"https:\/\/www.inspireme-mc.com\/it\/wp-json\/wp\/v2\/users\/1"}],"replies":[{"embeddable":true,"href":"https:\/\/www.inspireme-mc.com\/it\/wp-json\/wp\/v2\/comments?post=145"}],"version-history":[{"count":61,"href":"https:\/\/www.inspireme-mc.com\/it\/wp-json\/wp\/v2\/pages\/145\/revisions"}],"predecessor-version":[{"id":987,"href":"https:\/\/www.inspireme-mc.com\/it\/wp-json\/wp\/v2\/pages\/145\/revisions\/987"}],"wp:attachment":[{"href":"https:\/\/www.inspireme-mc.com\/it\/wp-json\/wp\/v2\/media?parent=145"}],"curies":[{"name":"wp","href":"https:\/\/api.w.org\/{rel}","templated":true}]}}