{"id":829,"date":"2017-02-09T23:44:34","date_gmt":"2017-02-09T22:44:34","guid":{"rendered":"https:\/\/www.inspireme-mc.com\/fr\/notre-approche-copy\/"},"modified":"2021-03-24T21:31:31","modified_gmt":"2021-03-24T20:31:31","slug":"notre-approche","status":"publish","type":"page","link":"https:\/\/www.inspireme-mc.com\/fr\/notre-approche\/","title":{"rendered":"Notre approche"},"content":{"rendered":"<p>[et_pb_section bb_built=&#8221;1&#8243; admin_label=&#8221;Sezione&#8221; fullwidth=&#8221;on&#8221; specialty=&#8221;off&#8221; inner_width=&#8221;auto&#8221; inner_max_width=&#8221;1366px&#8221; next_background_color=&#8221;#d1d1d1&#8243;][et_pb_fullwidth_slider admin_label=&#8221;Slider a Larghezza Piena&#8221; show_arrows=&#8221;on&#8221; show_pagination=&#8221;on&#8221; auto=&#8221;off&#8221; auto_ignore_hover=&#8221;off&#8221; parallax=&#8221;off&#8221; parallax_method=&#8221;off&#8221; remove_inner_shadow=&#8221;off&#8221; background_position=&#8221;default&#8221; background_size=&#8221;default&#8221; hide_content_on_mobile=&#8221;off&#8221; hide_cta_on_mobile=&#8221;off&#8221; show_image_video_mobile=&#8221;off&#8221; custom_button=&#8221;off&#8221; button_letter_spacing=&#8221;0&#8243; button_use_icon=&#8221;default&#8221; button_icon_placement=&#8221;right&#8221; button_on_hover=&#8221;on&#8221; button_letter_spacing_hover=&#8221;0&#8243; custom_padding=&#8221;|||&#8221; custom_padding_tablet=&#8221;|||&#8221; custom_padding_phone=&#8221;|||&#8221; show_inner_shadow=&#8221;on&#8221; show_content_on_mobile=&#8221;on&#8221; show_cta_on_mobile=&#8221;on&#8221; button_text_size__hover_enabled=&#8221;off&#8221; button_text_size__hover=&#8221;null&#8221; button_one_text_size__hover_enabled=&#8221;off&#8221; button_one_text_size__hover=&#8221;null&#8221; button_two_text_size__hover_enabled=&#8221;off&#8221; button_two_text_size__hover=&#8221;null&#8221; button_text_color__hover_enabled=&#8221;off&#8221; button_text_color__hover=&#8221;null&#8221; button_one_text_color__hover_enabled=&#8221;off&#8221; button_one_text_color__hover=&#8221;null&#8221; button_two_text_color__hover_enabled=&#8221;off&#8221; button_two_text_color__hover=&#8221;null&#8221; button_border_width__hover_enabled=&#8221;off&#8221; button_border_width__hover=&#8221;null&#8221; button_one_border_width__hover_enabled=&#8221;off&#8221; button_one_border_width__hover=&#8221;null&#8221; button_two_border_width__hover_enabled=&#8221;off&#8221; button_two_border_width__hover=&#8221;null&#8221; button_border_color__hover_enabled=&#8221;off&#8221; button_border_color__hover=&#8221;null&#8221; button_one_border_color__hover_enabled=&#8221;off&#8221; button_one_border_color__hover=&#8221;null&#8221; button_two_border_color__hover_enabled=&#8221;off&#8221; button_two_border_color__hover=&#8221;null&#8221; button_border_radius__hover_enabled=&#8221;off&#8221; button_border_radius__hover=&#8221;null&#8221; button_one_border_radius__hover_enabled=&#8221;off&#8221; button_one_border_radius__hover=&#8221;null&#8221; button_two_border_radius__hover_enabled=&#8221;off&#8221; button_two_border_radius__hover=&#8221;null&#8221; button_letter_spacing__hover_enabled=&#8221;on&#8221; button_letter_spacing__hover=&#8221;0&#8243; button_one_letter_spacing__hover_enabled=&#8221;off&#8221; button_one_letter_spacing__hover=&#8221;null&#8221; button_two_letter_spacing__hover_enabled=&#8221;off&#8221; button_two_letter_spacing__hover=&#8221;null&#8221; button_bg_color__hover_enabled=&#8221;off&#8221; button_bg_color__hover=&#8221;null&#8221; button_one_bg_color__hover_enabled=&#8221;off&#8221; button_one_bg_color__hover=&#8221;null&#8221; button_two_bg_color__hover_enabled=&#8221;off&#8221; button_two_bg_color__hover=&#8221;null&#8221;][et_pb_slide background_image=&#8221;https:\/\/www.inspireme-mc.com\/fr\/wp-content\/uploads\/sites\/4\/2016\/04\/hp_19.jpg&#8221; background_position=&#8221;default&#8221; background_size=&#8221;default&#8221; background_color=&#8221;#ffffff&#8221; use_bg_overlay=&#8221;off&#8221; use_text_overlay=&#8221;off&#8221; alignment=&#8221;center&#8221; background_layout=&#8221;dark&#8221; allow_player_pause=&#8221;off&#8221; text_border_radius=&#8221;3&#8243; header_font_select=&#8221;default&#8221; header_font=&#8221;||||&#8221; body_font_select=&#8221;default&#8221; body_font=&#8221;||||&#8221; custom_button=&#8221;off&#8221; button_font_select=&#8221;default&#8221; button_font=&#8221;||||&#8221; button_use_icon=&#8221;default&#8221; button_icon_placement=&#8221;right&#8221; button_on_hover=&#8221;on&#8221; header_font_size=&#8221;32&#8243; header_font_size_tablet=&#8221;32&#8243; header_font_size_phone=&#8221;32&#8243;] [\/et_pb_slide][\/et_pb_fullwidth_slider][\/et_pb_section][et_pb_section bb_built=&#8221;1&#8243; admin_label=&#8221;Sezione&#8221; fullwidth=&#8221;off&#8221; specialty=&#8221;off&#8221; transparent_background=&#8221;off&#8221; background_color=&#8221;#d1d1d1&#8243; allow_player_pause=&#8221;off&#8221; inner_shadow=&#8221;off&#8221; parallax=&#8221;off&#8221; parallax_method=&#8221;off&#8221; padding_mobile=&#8221;off&#8221; make_fullwidth=&#8221;off&#8221; use_custom_width=&#8221;off&#8221; width_unit=&#8221;on&#8221; make_equal=&#8221;off&#8221; use_custom_gutter=&#8221;off&#8221; custom_padding_tablet=&#8221;50px|0|50px|0&#8243; custom_padding_last_edited=&#8221;on|desktop&#8221; inner_width=&#8221;auto&#8221; inner_max_width=&#8221;1366px&#8221; prev_background_color=&#8221;#FFFFFF&#8221;][et_pb_row admin_label=&#8221;Riga&#8221; make_fullwidth=&#8221;on&#8221; use_custom_width=&#8221;off&#8221; width_unit=&#8221;on&#8221; use_custom_gutter=&#8221;off&#8221; padding_mobile=&#8221;off&#8221; background_color=&#8221;#d1d1d1&#8243; allow_player_pause=&#8221;off&#8221; parallax=&#8221;off&#8221; parallax_method=&#8221;off&#8221; make_equal=&#8221;off&#8221; column_padding_mobile=&#8221;on&#8221; background_position=&#8221;top_left&#8221; background_repeat=&#8221;repeat&#8221; background_size=&#8221;initial&#8221; module_class=&#8221; et_pb_row_fullwidth et_pb_row_fullwidth&#8221; width=&#8221;89%&#8221; width_tablet=&#8221;80%&#8221; width_last_edited=&#8221;on|desktop&#8221; max_width=&#8221;89%&#8221; max_width_tablet=&#8221;80%&#8221; max_width_last_edited=&#8221;on|desktop&#8221;][et_pb_column type=&#8221;1_2&#8243; custom_padding__hover=&#8221;|||&#8221; custom_padding=&#8221;|||&#8221; parallax_method=&#8221;on&#8221;][et_pb_gallery admin_label=&#8221;Galleria Our Approach&#8221; gallery_ids=&#8221;834&#8243; fullwidth=&#8221;on&#8221; show_title_and_caption=&#8221;off&#8221; show_pagination=&#8221;off&#8221; background_layout=&#8221;light&#8221; auto=&#8221;on&#8221; auto_speed=&#8221;4500&#8243; hover_overlay_color=&#8221;rgba(255,255,255,0.9)&#8221; use_border_color=&#8221;off&#8221; border_color=&#8221;#ffffff&#8221; border_style=&#8221;solid&#8221; orientation=&#8221;landscape&#8221;]<\/p>\n<p>[\/et_pb_gallery][\/et_pb_column][et_pb_column type=&#8221;1_2&#8243; custom_padding__hover=&#8221;|||&#8221; custom_padding=&#8221;|||&#8221; parallax_method=&#8221;on&#8221;][et_pb_text admin_label=&#8221;Titolo Approach&#8221; background_layout=&#8221;light&#8221; text_orientation=&#8221;left&#8221; use_border_color=&#8221;off&#8221; border_color=&#8221;#ffffff&#8221; border_style=&#8221;solid&#8221; text_font=&#8221;Raleway Light||||&#8221; text_font_size=&#8221;24&#8243; background_position=&#8221;top_left&#8221; background_repeat=&#8221;repeat&#8221; background_size=&#8221;initial&#8221;]<\/p>\n<p>\nNOTRE APPROCHE<\/p>\n<p>[\/et_pb_text][et_pb_text admin_label=&#8221;Testo&#8221; use_border_color=&#8221;off&#8221; background_position=&#8221;top_left&#8221; background_repeat=&#8221;repeat&#8221; background_size=&#8221;initial&#8221; _builder_version=&#8221;4.9.0&#8243; text_text_shadow_horizontal_length=&#8221;text_text_shadow_style,%91object Object%93&#8243; text_text_shadow_horizontal_length_tablet=&#8221;0px&#8221; text_text_shadow_vertical_length=&#8221;text_text_shadow_style,%91object Object%93&#8243; text_text_shadow_vertical_length_tablet=&#8221;0px&#8221; text_text_shadow_blur_strength=&#8221;text_text_shadow_style,%91object Object%93&#8243; text_text_shadow_blur_strength_tablet=&#8221;1px&#8221; link_text_shadow_horizontal_length=&#8221;link_text_shadow_style,%91object Object%93&#8243; link_text_shadow_horizontal_length_tablet=&#8221;0px&#8221; link_text_shadow_vertical_length=&#8221;link_text_shadow_style,%91object Object%93&#8243; link_text_shadow_vertical_length_tablet=&#8221;0px&#8221; link_text_shadow_blur_strength=&#8221;link_text_shadow_style,%91object Object%93&#8243; link_text_shadow_blur_strength_tablet=&#8221;1px&#8221; ul_text_shadow_horizontal_length=&#8221;ul_text_shadow_style,%91object Object%93&#8243; ul_text_shadow_horizontal_length_tablet=&#8221;0px&#8221; ul_text_shadow_vertical_length=&#8221;ul_text_shadow_style,%91object Object%93&#8243; ul_text_shadow_vertical_length_tablet=&#8221;0px&#8221; ul_text_shadow_blur_strength=&#8221;ul_text_shadow_style,%91object Object%93&#8243; ul_text_shadow_blur_strength_tablet=&#8221;1px&#8221; ol_text_shadow_horizontal_length=&#8221;ol_text_shadow_style,%91object Object%93&#8243; ol_text_shadow_horizontal_length_tablet=&#8221;0px&#8221; ol_text_shadow_vertical_length=&#8221;ol_text_shadow_style,%91object Object%93&#8243; ol_text_shadow_vertical_length_tablet=&#8221;0px&#8221; ol_text_shadow_blur_strength=&#8221;ol_text_shadow_style,%91object Object%93&#8243; ol_text_shadow_blur_strength_tablet=&#8221;1px&#8221; quote_text_shadow_horizontal_length=&#8221;quote_text_shadow_style,%91object Object%93&#8243; quote_text_shadow_horizontal_length_tablet=&#8221;0px&#8221; quote_text_shadow_vertical_length=&#8221;quote_text_shadow_style,%91object Object%93&#8243; quote_text_shadow_vertical_length_tablet=&#8221;0px&#8221; quote_text_shadow_blur_strength=&#8221;quote_text_shadow_style,%91object Object%93&#8243; quote_text_shadow_blur_strength_tablet=&#8221;1px&#8221; header_text_shadow_horizontal_length=&#8221;header_text_shadow_style,%91object Object%93&#8243; header_text_shadow_horizontal_length_tablet=&#8221;0px&#8221; header_text_shadow_vertical_length=&#8221;header_text_shadow_style,%91object Object%93&#8243; header_text_shadow_vertical_length_tablet=&#8221;0px&#8221; header_text_shadow_blur_strength=&#8221;header_text_shadow_style,%91object Object%93&#8243; header_text_shadow_blur_strength_tablet=&#8221;1px&#8221; header_2_text_shadow_horizontal_length=&#8221;header_2_text_shadow_style,%91object Object%93&#8243; header_2_text_shadow_horizontal_length_tablet=&#8221;0px&#8221; header_2_text_shadow_vertical_length=&#8221;header_2_text_shadow_style,%91object Object%93&#8243; header_2_text_shadow_vertical_length_tablet=&#8221;0px&#8221; header_2_text_shadow_blur_strength=&#8221;header_2_text_shadow_style,%91object Object%93&#8243; header_2_text_shadow_blur_strength_tablet=&#8221;1px&#8221; header_3_text_shadow_horizontal_length=&#8221;header_3_text_shadow_style,%91object Object%93&#8243; header_3_text_shadow_horizontal_length_tablet=&#8221;0px&#8221; header_3_text_shadow_vertical_length=&#8221;header_3_text_shadow_style,%91object Object%93&#8243; header_3_text_shadow_vertical_length_tablet=&#8221;0px&#8221; header_3_text_shadow_blur_strength=&#8221;header_3_text_shadow_style,%91object Object%93&#8243; header_3_text_shadow_blur_strength_tablet=&#8221;1px&#8221; header_4_text_shadow_horizontal_length=&#8221;header_4_text_shadow_style,%91object Object%93&#8243; header_4_text_shadow_horizontal_length_tablet=&#8221;0px&#8221; header_4_text_shadow_vertical_length=&#8221;header_4_text_shadow_style,%91object Object%93&#8243; header_4_text_shadow_vertical_length_tablet=&#8221;0px&#8221; header_4_text_shadow_blur_strength=&#8221;header_4_text_shadow_style,%91object Object%93&#8243; header_4_text_shadow_blur_strength_tablet=&#8221;1px&#8221; header_5_text_shadow_horizontal_length=&#8221;header_5_text_shadow_style,%91object Object%93&#8243; header_5_text_shadow_horizontal_length_tablet=&#8221;0px&#8221; header_5_text_shadow_vertical_length=&#8221;header_5_text_shadow_style,%91object Object%93&#8243; header_5_text_shadow_vertical_length_tablet=&#8221;0px&#8221; header_5_text_shadow_blur_strength=&#8221;header_5_text_shadow_style,%91object Object%93&#8243; header_5_text_shadow_blur_strength_tablet=&#8221;1px&#8221; header_6_text_shadow_horizontal_length=&#8221;header_6_text_shadow_style,%91object Object%93&#8243; header_6_text_shadow_horizontal_length_tablet=&#8221;0px&#8221; header_6_text_shadow_vertical_length=&#8221;header_6_text_shadow_style,%91object Object%93&#8243; header_6_text_shadow_vertical_length_tablet=&#8221;0px&#8221; header_6_text_shadow_blur_strength=&#8221;header_6_text_shadow_style,%91object Object%93&#8243; header_6_text_shadow_blur_strength_tablet=&#8221;1px&#8221; box_shadow_horizontal_tablet=&#8221;0px&#8221; box_shadow_vertical_tablet=&#8221;0px&#8221; box_shadow_blur_tablet=&#8221;40px&#8221; box_shadow_spread_tablet=&#8221;0px&#8221; vertical_offset_tablet=&#8221;0&#8243; horizontal_offset_tablet=&#8221;0&#8243; z_index_tablet=&#8221;0&#8243;]<\/p>\n<p>Nos services sont fa\u00e7onn\u00e9s autour de vous. Nous travaillons de la fa\u00e7on qui vous correspond le mieux, sans compter les heures ou la distance, si n\u00e9cessaire.<\/p>\n<p>Par-dessus tout, notre approche est personnalis\u00e9e : nous ne proposons que des concepts cr\u00e9atifs pour des services DMC.<\/p>\n<p>Nous \u00e9coutons avec attention vos besoins et mettons en place les solutions pour les satisfaire et que votre envie devienne une r\u00e9alit\u00e9.<\/p>\n<p style=\"text-align: justify;\">Nous g\u00e9rons et supervisons votre \u00e9v\u00e8nement dans les moindres d\u00e9tails pour s\u2019assurer qu&#8217;il fonctionne de mani\u00e8re transparente. Nous n\u2019arr\u00eatons pas jusqu&#8217;\u00e0 ce que tous les d\u00e9tails soient adapt\u00e9s \u00e0 vos besoins et d\u00e9sirs &#8211; parce que vos attentes sont notre plus grand d\u00e9fi.<\/p>\n<p><strong>InspireME soutient la campagne de financement participatif de la Fondation de S.A.S Le Prince Albert II qui a pour objectif de r\u00e9introduire une esp\u00e8ce d\u2019hippocampe dans la Marine du Larvotto de Monaco.<\/strong><\/p>\n<p><a href=\"https:\/\/www.fpa2.org\/\" target=\"_blank\" rel=\"noopener\"><img loading=\"lazy\" decoding=\"async\" class=\"alignnone wp-image-755\" src=\"https:\/\/www.inspireme-mc.com\/fr\/wp-content\/uploads\/sites\/4\/2016\/04\/image003-WEB-300x131.jpg\" alt=\"\" width=\"206\" height=\"90\" \/><\/a><\/p>\n<p><strong>InspireME a sign\u00e9 l\u2019ECPAT, le code de Protection des Enfants dans le Tourisme dans le but d\u2019aider \u00e0 l\u2019ach\u00e8vement du trafic d\u2019\u00eatres humains.<\/strong><\/p>\n<p><a href=\"https:\/\/www.thecode.org\/\" target=\"_blank\" rel=\"noopener\"><img loading=\"lazy\" decoding=\"async\" class=\"alignnone wp-image-537\" src=\"https:\/\/www.inspireme-mc.com\/fr\/wp-content\/uploads\/sites\/4\/2016\/04\/TheCode.org_NurSignet-293x300.png\" alt=\"TheCode.org_NurSignet\" width=\"82\" height=\"84\" srcset=\"https:\/\/www.inspireme-mc.com\/fr\/wp-content\/uploads\/sites\/4\/2016\/04\/TheCode.org_NurSignet-293x300.png 293w, https:\/\/www.inspireme-mc.com\/fr\/wp-content\/uploads\/sites\/4\/2016\/04\/TheCode.org_NurSignet.png 565w\" sizes=\"(max-width: 82px) 100vw, 82px\" \/><\/a><\/p>\n<p><strong>InspireME soutient Treedom en compensant les \u00e9missions de CO2 par la plantation de nouvelles for\u00eats et l\u2019engagement envers les communaut\u00e9s rurales.<\/strong><\/p>\n<p><a href=\"https:\/\/www.treedom.net\" target=\"_blank\" rel=\"noopener\"><img loading=\"lazy\" decoding=\"async\" class=\"alignnone wp-image-732\" src=\"https:\/\/www.inspireme-mc.com\/fr\/wp-content\/uploads\/sites\/4\/2016\/04\/00_LOGO_TREEDOM_2016-1-300x124.png\" alt=\"treedom\" width=\"181\" height=\"75\" srcset=\"https:\/\/www.inspireme-mc.com\/fr\/wp-content\/uploads\/sites\/4\/2016\/04\/00_LOGO_TREEDOM_2016-1-300x124.png 300w, https:\/\/www.inspireme-mc.com\/fr\/wp-content\/uploads\/sites\/4\/2016\/04\/00_LOGO_TREEDOM_2016-1.png 642w\" sizes=\"(max-width: 181px) 100vw, 181px\" \/><\/a><\/p>\n<p>\u00a0<\/p>\n<p>[\/et_pb_text][\/et_pb_column][\/et_pb_row][\/et_pb_section]<\/p>\n","protected":false},"excerpt":{"rendered":"<p>NOTRE APPROCHE Nos services sont fa\u00e7onn\u00e9s autour de vous. Nous travaillons de la fa\u00e7on qui vous correspond le mieux, sans compter les heures ou la distance, si n\u00e9cessaire.Par-dessus tout, notre approche est personnalis\u00e9e : nous ne proposons que des concepts cr\u00e9atifs pour des services DMC.Nous \u00e9coutons avec attention vos besoins et mettons en place les [&hellip;]<\/p>\n","protected":false},"author":1,"featured_media":0,"parent":0,"menu_order":0,"comment_status":"closed","ping_status":"closed","template":"","meta":{"_et_pb_use_builder":"on","_et_pb_old_content":"","_et_gb_content_width":"","footnotes":""},"class_list":["post-829","page","type-page","status-publish","hentry"],"yoast_head":"<!-- This site is optimized with the Yoast SEO plugin v27.1.1 - https:\/\/yoast.com\/product\/yoast-seo-wordpress\/ -->\n<title>Approche boutique DMC sud France Montecarlo<\/title>\n<meta name=\"description\" content=\"Le DMC ind\u00e9pendant InspireME vous assiste dans la planification d&#039;\u00e9v\u00e9nements uniques, sophistiqu\u00e9s et l&#039;approche personnalis\u00e9e, sur mesure, transparente et flexible. Connaissance approfondie et expertise de la destination, livrant des services haut-de-gamme et une attention particuli\u00e8re \u00e0 la gestion des risques.\" \/>\n<meta name=\"robots\" content=\"index, follow, max-snippet:-1, max-image-preview:large, max-video-preview:-1\" \/>\n<link rel=\"canonical\" href=\"https:\/\/www.inspireme-mc.com\/fr\/notre-approche\/\" \/>\n<meta property=\"og:locale\" content=\"it_IT\" \/>\n<meta property=\"og:type\" content=\"article\" \/>\n<meta property=\"og:title\" content=\"Approche boutique DMC sud France Montecarlo\" \/>\n<meta property=\"og:description\" content=\"Le DMC ind\u00e9pendant InspireME vous assiste dans la planification d&#039;\u00e9v\u00e9nements uniques, sophistiqu\u00e9s et l&#039;approche personnalis\u00e9e, sur mesure, transparente et flexible. Connaissance approfondie et expertise de la destination, livrant des services haut-de-gamme et une attention particuli\u00e8re \u00e0 la gestion des risques.\" \/>\n<meta property=\"og:url\" content=\"https:\/\/www.inspireme-mc.com\/fr\/notre-approche\/\" \/>\n<meta property=\"og:site_name\" content=\"InspireME Montecarlo - FR\" \/>\n<meta property=\"article:modified_time\" content=\"2021-03-24T20:31:31+00:00\" \/>\n<meta property=\"og:image\" content=\"https:\/\/www.inspireme-mc.com\/fr\/wp-content\/uploads\/sites\/4\/2016\/04\/image003-WEB-300x131.jpg\" \/>\n<meta name=\"twitter:card\" content=\"summary_large_image\" \/>\n<meta name=\"twitter:label1\" content=\"Tempo di lettura stimato\" \/>\n\t<meta name=\"twitter:data1\" content=\"8 minuti\" \/>\n<script type=\"application\/ld+json\" class=\"yoast-schema-graph\">{\"@context\":\"https:\/\/schema.org\",\"@graph\":[{\"@type\":\"WebPage\",\"@id\":\"https:\/\/www.inspireme-mc.com\/fr\/notre-approche\/\",\"url\":\"https:\/\/www.inspireme-mc.com\/fr\/notre-approche\/\",\"name\":\"Approche boutique DMC sud France Montecarlo\",\"isPartOf\":{\"@id\":\"https:\/\/www.inspireme-mc.com\/fr\/#website\"},\"primaryImageOfPage\":{\"@id\":\"https:\/\/www.inspireme-mc.com\/fr\/notre-approche\/#primaryimage\"},\"image\":{\"@id\":\"https:\/\/www.inspireme-mc.com\/fr\/notre-approche\/#primaryimage\"},\"thumbnailUrl\":\"https:\/\/www.inspireme-mc.com\/fr\/wp-content\/uploads\/sites\/4\/2016\/04\/image003-WEB-300x131.jpg\",\"datePublished\":\"2017-02-09T22:44:34+00:00\",\"dateModified\":\"2021-03-24T20:31:31+00:00\",\"description\":\"Le DMC ind\u00e9pendant InspireME vous assiste dans la planification d'\u00e9v\u00e9nements uniques, sophistiqu\u00e9s et l'approche personnalis\u00e9e, sur mesure, transparente et flexible. Connaissance approfondie et expertise de la destination, livrant des services haut-de-gamme et une attention particuli\u00e8re \u00e0 la gestion des risques.\",\"breadcrumb\":{\"@id\":\"https:\/\/www.inspireme-mc.com\/fr\/notre-approche\/#breadcrumb\"},\"inLanguage\":\"it-IT\",\"potentialAction\":[{\"@type\":\"ReadAction\",\"target\":[\"https:\/\/www.inspireme-mc.com\/fr\/notre-approche\/\"]}]},{\"@type\":\"ImageObject\",\"inLanguage\":\"it-IT\",\"@id\":\"https:\/\/www.inspireme-mc.com\/fr\/notre-approche\/#primaryimage\",\"url\":\"https:\/\/www.inspireme-mc.com\/fr\/wp-content\/uploads\/sites\/4\/2016\/04\/image003-WEB.jpg\",\"contentUrl\":\"https:\/\/www.inspireme-mc.com\/fr\/wp-content\/uploads\/sites\/4\/2016\/04\/image003-WEB.jpg\",\"width\":300,\"height\":131},{\"@type\":\"BreadcrumbList\",\"@id\":\"https:\/\/www.inspireme-mc.com\/fr\/notre-approche\/#breadcrumb\",\"itemListElement\":[{\"@type\":\"ListItem\",\"position\":1,\"name\":\"Home\",\"item\":\"https:\/\/www.inspireme-mc.com\/fr\/\"},{\"@type\":\"ListItem\",\"position\":2,\"name\":\"Notre approche\"}]},{\"@type\":\"WebSite\",\"@id\":\"https:\/\/www.inspireme-mc.com\/fr\/#website\",\"url\":\"https:\/\/www.inspireme-mc.com\/fr\/\",\"name\":\"InspireME Montecarlo - FR\",\"description\":\"\",\"potentialAction\":[{\"@type\":\"SearchAction\",\"target\":{\"@type\":\"EntryPoint\",\"urlTemplate\":\"https:\/\/www.inspireme-mc.com\/fr\/?s={search_term_string}\"},\"query-input\":{\"@type\":\"PropertyValueSpecification\",\"valueRequired\":true,\"valueName\":\"search_term_string\"}}],\"inLanguage\":\"it-IT\"}]}<\/script>\n<!-- \/ Yoast SEO plugin. -->","yoast_head_json":{"title":"Approche boutique DMC sud France Montecarlo","description":"Le DMC ind\u00e9pendant InspireME vous assiste dans la planification d'\u00e9v\u00e9nements uniques, sophistiqu\u00e9s et l'approche personnalis\u00e9e, sur mesure, transparente et flexible. Connaissance approfondie et expertise de la destination, livrant des services haut-de-gamme et une attention particuli\u00e8re \u00e0 la gestion des risques.","robots":{"index":"index","follow":"follow","max-snippet":"max-snippet:-1","max-image-preview":"max-image-preview:large","max-video-preview":"max-video-preview:-1"},"canonical":"https:\/\/www.inspireme-mc.com\/fr\/notre-approche\/","og_locale":"it_IT","og_type":"article","og_title":"Approche boutique DMC sud France Montecarlo","og_description":"Le DMC ind\u00e9pendant InspireME vous assiste dans la planification d'\u00e9v\u00e9nements uniques, sophistiqu\u00e9s et l'approche personnalis\u00e9e, sur mesure, transparente et flexible. Connaissance approfondie et expertise de la destination, livrant des services haut-de-gamme et une attention particuli\u00e8re \u00e0 la gestion des risques.","og_url":"https:\/\/www.inspireme-mc.com\/fr\/notre-approche\/","og_site_name":"InspireME Montecarlo - FR","article_modified_time":"2021-03-24T20:31:31+00:00","og_image":[{"url":"https:\/\/www.inspireme-mc.com\/fr\/wp-content\/uploads\/sites\/4\/2016\/04\/image003-WEB-300x131.jpg","type":"","width":"","height":""}],"twitter_card":"summary_large_image","twitter_misc":{"Tempo di lettura stimato":"8 minuti"},"schema":{"@context":"https:\/\/schema.org","@graph":[{"@type":"WebPage","@id":"https:\/\/www.inspireme-mc.com\/fr\/notre-approche\/","url":"https:\/\/www.inspireme-mc.com\/fr\/notre-approche\/","name":"Approche boutique DMC sud France Montecarlo","isPartOf":{"@id":"https:\/\/www.inspireme-mc.com\/fr\/#website"},"primaryImageOfPage":{"@id":"https:\/\/www.inspireme-mc.com\/fr\/notre-approche\/#primaryimage"},"image":{"@id":"https:\/\/www.inspireme-mc.com\/fr\/notre-approche\/#primaryimage"},"thumbnailUrl":"https:\/\/www.inspireme-mc.com\/fr\/wp-content\/uploads\/sites\/4\/2016\/04\/image003-WEB-300x131.jpg","datePublished":"2017-02-09T22:44:34+00:00","dateModified":"2021-03-24T20:31:31+00:00","description":"Le DMC ind\u00e9pendant InspireME vous assiste dans la planification d'\u00e9v\u00e9nements uniques, sophistiqu\u00e9s et l'approche personnalis\u00e9e, sur mesure, transparente et flexible. Connaissance approfondie et expertise de la destination, livrant des services haut-de-gamme et une attention particuli\u00e8re \u00e0 la gestion des risques.","breadcrumb":{"@id":"https:\/\/www.inspireme-mc.com\/fr\/notre-approche\/#breadcrumb"},"inLanguage":"it-IT","potentialAction":[{"@type":"ReadAction","target":["https:\/\/www.inspireme-mc.com\/fr\/notre-approche\/"]}]},{"@type":"ImageObject","inLanguage":"it-IT","@id":"https:\/\/www.inspireme-mc.com\/fr\/notre-approche\/#primaryimage","url":"https:\/\/www.inspireme-mc.com\/fr\/wp-content\/uploads\/sites\/4\/2016\/04\/image003-WEB.jpg","contentUrl":"https:\/\/www.inspireme-mc.com\/fr\/wp-content\/uploads\/sites\/4\/2016\/04\/image003-WEB.jpg","width":300,"height":131},{"@type":"BreadcrumbList","@id":"https:\/\/www.inspireme-mc.com\/fr\/notre-approche\/#breadcrumb","itemListElement":[{"@type":"ListItem","position":1,"name":"Home","item":"https:\/\/www.inspireme-mc.com\/fr\/"},{"@type":"ListItem","position":2,"name":"Notre approche"}]},{"@type":"WebSite","@id":"https:\/\/www.inspireme-mc.com\/fr\/#website","url":"https:\/\/www.inspireme-mc.com\/fr\/","name":"InspireME Montecarlo - FR","description":"","potentialAction":[{"@type":"SearchAction","target":{"@type":"EntryPoint","urlTemplate":"https:\/\/www.inspireme-mc.com\/fr\/?s={search_term_string}"},"query-input":{"@type":"PropertyValueSpecification","valueRequired":true,"valueName":"search_term_string"}}],"inLanguage":"it-IT"}]}},"_links":{"self":[{"href":"https:\/\/www.inspireme-mc.com\/fr\/wp-json\/wp\/v2\/pages\/829","targetHints":{"allow":["GET"]}}],"collection":[{"href":"https:\/\/www.inspireme-mc.com\/fr\/wp-json\/wp\/v2\/pages"}],"about":[{"href":"https:\/\/www.inspireme-mc.com\/fr\/wp-json\/wp\/v2\/types\/page"}],"author":[{"embeddable":true,"href":"https:\/\/www.inspireme-mc.com\/fr\/wp-json\/wp\/v2\/users\/1"}],"replies":[{"embeddable":true,"href":"https:\/\/www.inspireme-mc.com\/fr\/wp-json\/wp\/v2\/comments?post=829"}],"version-history":[{"count":7,"href":"https:\/\/www.inspireme-mc.com\/fr\/wp-json\/wp\/v2\/pages\/829\/revisions"}],"predecessor-version":[{"id":1604,"href":"https:\/\/www.inspireme-mc.com\/fr\/wp-json\/wp\/v2\/pages\/829\/revisions\/1604"}],"wp:attachment":[{"href":"https:\/\/www.inspireme-mc.com\/fr\/wp-json\/wp\/v2\/media?parent=829"}],"curies":[{"name":"wp","href":"https:\/\/api.w.org\/{rel}","templated":true}]}}