{"id":1636,"date":"2023-03-05T16:25:01","date_gmt":"2023-03-05T15:25:01","guid":{"rendered":"https:\/\/www.inspireme-mc.com\/fr\/services-performances\/"},"modified":"2023-04-04T12:20:37","modified_gmt":"2023-04-04T10:20:37","slug":"services-spectacles","status":"publish","type":"page","link":"https:\/\/www.inspireme-mc.com\/fr\/services-spectacles\/","title":{"rendered":"Services &#8211; Spectacles"},"content":{"rendered":"<p>[et_pb_section fb_built=&#8221;1&#8243; fullwidth=&#8221;on&#8221; _builder_version=&#8221;4.16&#8243; global_colors_info=&#8221;{}&#8221;][et_pb_fullwidth_slider _builder_version=&#8221;4.19.4&#8243; background_image=&#8221;https:\/\/www.inspireme-mc.com\/wp-content\/uploads\/2021\/02\/Salle-des-Etoiles-ok.jpg&#8221; custom_padding=&#8221;|||&#8221; custom_padding_tablet=&#8221;|||&#8221; custom_padding_phone=&#8221;|||&#8221; box_shadow_style=&#8221;preset6&#8243; box_shadow_blur=&#8221;10px&#8221; box_shadow_color=&#8221;rgba(0,0,0,0.1)&#8221; remove_inner_shadow=&#8221;off&#8221; hide_content_on_mobile=&#8221;off&#8221; hide_cta_on_mobile=&#8221;off&#8221; show_inner_shadow=&#8221;on&#8221; button_letter_spacing_hover=&#8221;0&#8243; global_colors_info=&#8221;{}&#8221; button_text_size__hover_enabled=&#8221;off&#8221; button_one_text_size__hover_enabled=&#8221;off&#8221; button_two_text_size__hover_enabled=&#8221;off&#8221; button_text_color__hover_enabled=&#8221;off&#8221; button_one_text_color__hover_enabled=&#8221;off&#8221; button_two_text_color__hover_enabled=&#8221;off&#8221; button_border_width__hover_enabled=&#8221;off&#8221; button_one_border_width__hover_enabled=&#8221;off&#8221; button_two_border_width__hover_enabled=&#8221;off&#8221; button_border_color__hover_enabled=&#8221;off&#8221; button_one_border_color__hover_enabled=&#8221;off&#8221; button_two_border_color__hover_enabled=&#8221;off&#8221; button_border_radius__hover_enabled=&#8221;off&#8221; button_one_border_radius__hover_enabled=&#8221;off&#8221; button_two_border_radius__hover_enabled=&#8221;off&#8221; button_letter_spacing__hover_enabled=&#8221;on&#8221; button_letter_spacing__hover=&#8221;0&#8243; button_one_letter_spacing__hover_enabled=&#8221;off&#8221; button_two_letter_spacing__hover_enabled=&#8221;off&#8221; button_bg_color__hover_enabled=&#8221;off&#8221; button_one_bg_color__hover_enabled=&#8221;off&#8221; button_two_bg_color__hover_enabled=&#8221;off&#8221;][et_pb_slide heading=&#8221;Spectacles&#8221; heading_last_edited=&#8221;off|desktop&#8221; _builder_version=&#8221;4.19.4&#8243; _module_preset=&#8221;default&#8221; header_level=&#8221;h1&#8243; header_font=&#8221;|600|||||||&#8221; background_image=&#8221;https:\/\/www.inspireme-mc.com\/wp-content\/uploads\/2023\/03\/spettacoli-header.jpg&#8221; background_enable_image=&#8221;on&#8221; global_colors_info=&#8221;{}&#8221; sticky_transition=&#8221;on&#8221;][\/et_pb_slide][\/et_pb_fullwidth_slider][\/et_pb_section][et_pb_section fb_built=&#8221;1&#8243; custom_padding_last_edited=&#8221;on|desktop&#8221; _builder_version=&#8221;4.19.4&#8243; background_enable_color=&#8221;off&#8221; custom_margin=&#8221;50px||50px||false|false&#8221; custom_padding=&#8221;0px|0px|0px|0px|false|false&#8221; custom_padding_tablet=&#8221;50px|0|50px|0&#8243; custom_padding_phone=&#8221;&#8221; transparent_background=&#8221;off&#8221; make_fullwidth=&#8221;off&#8221; use_custom_width=&#8221;off&#8221; width_unit=&#8221;on&#8221; global_colors_info=&#8221;{}&#8221;][et_pb_row column_structure=&#8221;2_3,1_3&#8243; use_custom_gutter=&#8221;on&#8221; gutter_width=&#8221;2&#8243; make_equal=&#8221;on&#8221; _builder_version=&#8221;4.19.4&#8243; _module_preset=&#8221;default&#8221; global_colors_info=&#8221;{}&#8221;][et_pb_column type=&#8221;2_3&#8243; _builder_version=&#8221;4.19.4&#8243; _module_preset=&#8221;default&#8221; custom_css_main_element=&#8221;align-self: center;&#8221; global_colors_info=&#8221;{}&#8221;][et_pb_text _builder_version=&#8221;4.19.4&#8243; background_size=&#8221;initial&#8221; background_position=&#8221;top_left&#8221; background_repeat=&#8221;repeat&#8221; custom_margin=&#8221;20px||0px||false|false&#8221; hover_enabled=&#8221;0&#8243; use_border_color=&#8221;off&#8221; global_colors_info=&#8221;{}&#8221; sticky_enabled=&#8221;0&#8243;]<\/p>\n<div class=\"et_pb_text_inner\">\n<h3>Spectacles<\/h3>\n<p>Le spectacle choisi pour un \u00e9v\u00e9nement nous raconte la personnalit\u00e9 de l&#8217;h\u00f4te, il d\u00e9crit le brand d\u2019une entreprise, est un message clair et univoque de l&#8217;entreprise. Pour exploiter au mieux ce potentiel et faire appel au niveau \u00e9motionnel, nous fournissons un large \u00e9ventail de choix :<\/p>\n<p>&nbsp;<\/p>\n<\/div>\n<p>[\/et_pb_text][et_pb_code module_id=&#8221;lista-servizi&#8221; _builder_version=&#8221;4.19.4&#8243; _module_preset=&#8221;default&#8221; global_colors_info=&#8221;{}&#8221;][et_pb_section global_module=\"8515 \"][\/et_pb_section][\/et_pb_code][\/et_pb_column][et_pb_column type=&#8221;1_3&#8243; _builder_version=&#8221;4.19.4&#8243; _module_preset=&#8221;default&#8221; global_colors_info=&#8221;{}&#8221;][et_pb_image src=&#8221;https:\/\/www.inspireme-mc.com\/wp-content\/uploads\/2023\/03\/spettacoli-01.jpg&#8221; title_text=&#8221;spettacoli-01&#8243; _builder_version=&#8221;4.19.4&#8243; _module_preset=&#8221;default&#8221; global_colors_info=&#8221;{}&#8221;][\/et_pb_image][\/et_pb_column][\/et_pb_row][et_pb_row column_structure=&#8221;1_3,1_3,1_3&#8243; use_custom_gutter=&#8221;on&#8221; gutter_width=&#8221;2&#8243; _builder_version=&#8221;4.19.4&#8243; _module_preset=&#8221;default&#8221; custom_padding=&#8221;0px||||false|false&#8221; global_colors_info=&#8221;{}&#8221;][et_pb_column type=&#8221;1_3&#8243; _builder_version=&#8221;4.19.4&#8243; _module_preset=&#8221;default&#8221; global_colors_info=&#8221;{}&#8221;][et_pb_image src=&#8221;https:\/\/www.inspireme-mc.com\/wp-content\/uploads\/2023\/03\/spettacoli-02.jpg&#8221; title_text=&#8221;spettacoli-02&#8243; admin_label=&#8221;Image&#8221; _builder_version=&#8221;4.19.4&#8243; _module_preset=&#8221;default&#8221; global_colors_info=&#8221;{}&#8221;][\/et_pb_image][\/et_pb_column][et_pb_column type=&#8221;1_3&#8243; _builder_version=&#8221;4.19.4&#8243; _module_preset=&#8221;default&#8221; global_colors_info=&#8221;{}&#8221;][et_pb_image src=&#8221;https:\/\/www.inspireme-mc.com\/wp-content\/uploads\/2023\/03\/spettacoli-03.jpg&#8221; title_text=&#8221;spettacoli-03&#8243; _builder_version=&#8221;4.19.4&#8243; _module_preset=&#8221;default&#8221; global_colors_info=&#8221;{}&#8221;][\/et_pb_image][\/et_pb_column][et_pb_column type=&#8221;1_3&#8243; _builder_version=&#8221;4.19.4&#8243; _module_preset=&#8221;default&#8221; global_colors_info=&#8221;{}&#8221;][et_pb_image src=&#8221;https:\/\/www.inspireme-mc.com\/wp-content\/uploads\/2023\/03\/spettacoli-04.jpg&#8221; title_text=&#8221;spettacoli-04&#8243; _builder_version=&#8221;4.19.4&#8243; _module_preset=&#8221;default&#8221; global_colors_info=&#8221;{}&#8221;][\/et_pb_image][\/et_pb_column][\/et_pb_row][\/et_pb_section]<\/p>\n","protected":false},"excerpt":{"rendered":"<p>Spectacles Le spectacle choisi pour un \u00e9v\u00e9nement nous raconte la personnalit\u00e9 de l&#8217;h\u00f4te, il d\u00e9crit le brand d\u2019une entreprise, est un message clair et univoque de l&#8217;entreprise. Pour exploiter au mieux ce potentiel et faire appel au niveau \u00e9motionnel, nous fournissons un large \u00e9ventail de choix : &nbsp; <div class=\"et_pb_section et_pb_section_1 et_section_regular\" >\n\t\t\t\t\n\t\t\t\t\n\t\t\t\t\n\t\t\t\t\n\t\t\t\t\n\t\t\t\t\n\t\t\t\t<div class=\"et_pb_row et_pb_row_0\">\n\t\t\t\t<div class=\"et_pb_column et_pb_column_1_2 et_pb_column_0  et_pb_css_mix_blend_mode_passthrough\">\n\t\t\t\t\n\t\t\t\t\n\t\t\t\t\n\t\t\t\t\n\t\t\t\t<div class=\"et_pb_module et_pb_text et_pb_text_0  et_pb_text_align_left et_pb_bg_layout_light\">\n\t\t\t\t\n\t\t\t\t\n\t\t\t\t\n\t\t\t\t\n\t\t\t\t<div class=\"et_pb_text_inner\"><ul>\n<li>Spectacles avec les Talents du Cirque Classique et Moderne<\/li>\n<li>Spectacles m\u00e9di\u00e9vaux et en style de la Renaissance<\/li>\n<li>Reconstructions historiques<\/li>\n<li>Spectacle des Serveurs Chanteurs \"Italian Singing Waiters\"<\/li>\n<\/ul><\/div>\n\t\t\t<\/div>\n\t\t\t<\/div><div class=\"et_pb_column et_pb_column_1_2 et_pb_column_1  et_pb_css_mix_blend_mode_passthrough et-last-child\">\n\t\t\t\t\n\t\t\t\t\n\t\t\t\t\n\t\t\t\t\n\t\t\t\t<div class=\"et_pb_module et_pb_text et_pb_text_1  et_pb_text_align_left et_pb_bg_layout_light\">\n\t\t\t\t\n\t\t\t\t\n\t\t\t\t\n\t\t\t\t\n\t\t\t\t<div class=\"et_pb_text_inner\"><ul>\n<li>Spectacles \u00e0 fort impact \u00e9motionnel<\/li>\n<li>Bals Masqu\u00e9s et danses en costume<\/li>\n<li>Spectacles de magie et d\u2019illusionnisme<\/li>\n<li>Acrobates<\/li>\n<li>Animations pour les enfants<\/li>\n<li>Soir\u00e9es \u00e0 th\u00e8me<\/li>\n<li>Simulateur de Formule 1<\/li>\n<\/ul><\/div>\n\t\t\t<\/div>\n\t\t\t<\/div>\n\t\t\t\t\n\t\t\t\t\n\t\t\t\t\n\t\t\t\t\n\t\t\t<\/div>\n\t\t\t\t\n\t\t\t\t\n\t\t\t<\/div><\/p>\n","protected":false},"author":1,"featured_media":0,"parent":0,"menu_order":0,"comment_status":"closed","ping_status":"closed","template":"","meta":{"_et_pb_use_builder":"on","_et_pb_old_content":"<p>[et_pb_section fb_built=\"1\" fullwidth=\"on\" _builder_version=\"4.16\" global_colors_info=\"{}\"][et_pb_fullwidth_slider _builder_version=\"4.19.4\" background_image=\"https:\/\/www.inspireme-mc.com\/wp-content\/uploads\/2021\/02\/Salle-des-Etoiles-ok.jpg\" custom_padding=\"|||\" custom_padding_tablet=\"|||\" custom_padding_phone=\"|||\" hover_enabled=\"0\" box_shadow_style=\"preset6\" box_shadow_blur=\"10px\" box_shadow_color=\"rgba(0,0,0,0.1)\" remove_inner_shadow=\"off\" hide_content_on_mobile=\"off\" hide_cta_on_mobile=\"off\" show_inner_shadow=\"on\" button_letter_spacing_hover=\"0\" global_colors_info=\"{}\" button_text_size__hover_enabled=\"off\" button_one_text_size__hover_enabled=\"off\" button_two_text_size__hover_enabled=\"off\" button_text_color__hover_enabled=\"off\" button_one_text_color__hover_enabled=\"off\" button_two_text_color__hover_enabled=\"off\" button_border_width__hover_enabled=\"off\" button_one_border_width__hover_enabled=\"off\" button_two_border_width__hover_enabled=\"off\" button_border_color__hover_enabled=\"off\" button_one_border_color__hover_enabled=\"off\" button_two_border_color__hover_enabled=\"off\" button_border_radius__hover_enabled=\"off\" button_one_border_radius__hover_enabled=\"off\" button_two_border_radius__hover_enabled=\"off\" button_letter_spacing__hover_enabled=\"on\" button_letter_spacing__hover=\"0\" button_one_letter_spacing__hover_enabled=\"off\" button_two_letter_spacing__hover_enabled=\"off\" button_bg_color__hover_enabled=\"off\" button_one_bg_color__hover_enabled=\"off\" button_two_bg_color__hover_enabled=\"off\" sticky_enabled=\"0\"][et_pb_slide heading=\"Performances\" heading_last_edited=\"off|desktop\" _builder_version=\"4.19.4\" _module_preset=\"default\" header_level=\"h1\" header_font=\"|600|||||||\" background_image=\"https:\/\/www.inspireme-mc.com\/wp-content\/uploads\/2023\/03\/spettacoli-header.jpg\" background_enable_image=\"on\" hover_enabled=\"0\" global_colors_info=\"{}\" sticky_transition=\"on\" sticky_enabled=\"0\" title_text=\"spettacoli-header\"][\/et_pb_slide][\/et_pb_fullwidth_slider][\/et_pb_section][et_pb_section fb_built=\"1\" custom_padding_last_edited=\"on|desktop\" _builder_version=\"4.19.4\" background_enable_color=\"off\" custom_margin=\"50px||50px||false|false\" custom_padding=\"0px|0px|0px|0px|false|false\" custom_padding_tablet=\"50px|0|50px|0\" custom_padding_phone=\"\" transparent_background=\"off\" make_fullwidth=\"off\" use_custom_width=\"off\" width_unit=\"on\" global_colors_info=\"{}\"][et_pb_row column_structure=\"2_3,1_3\" use_custom_gutter=\"on\" gutter_width=\"2\" make_equal=\"on\" _builder_version=\"4.19.4\" _module_preset=\"default\" global_colors_info=\"{}\"][et_pb_column type=\"2_3\" _builder_version=\"4.19.4\" _module_preset=\"default\" custom_css_main_element=\"align-self: center;\" global_colors_info=\"{}\"][et_pb_text _builder_version=\"4.19.4\" background_size=\"initial\" background_position=\"top_left\" background_repeat=\"repeat\" custom_margin=\"20px||0px||false|false\" use_border_color=\"off\" global_colors_info=\"{}\"]<\/p><div class=\"et_pb_text_inner\"><h3>Performances<\/h3><p>The performance chosen for an event can speak to your guests, reflecting their personalities, outlining the image of a brand or giving a strong corporate message. To take advantage of this emotional lever, we offer wide range of talent:<\/p><\/div><p>[\/et_pb_text][et_pb_code module_id=\"lista-servizi\" _builder_version=\"4.19.4\" _module_preset=\"default\" hover_enabled=\"0\" global_colors_info=\"{}\" sticky_enabled=\"0\"][divi_library_layout id=\"8515\"][\/et_pb_code][\/et_pb_column][et_pb_column type=\"1_3\" _builder_version=\"4.19.4\" _module_preset=\"default\" global_colors_info=\"{}\"][et_pb_image src=\"https:\/\/www.inspireme-mc.com\/wp-content\/uploads\/2023\/03\/spettacoli-01.jpg\" title_text=\"spettacoli-01\" _builder_version=\"4.19.4\" _module_preset=\"default\" hover_enabled=\"0\" global_colors_info=\"{}\" sticky_enabled=\"0\"][\/et_pb_image][\/et_pb_column][\/et_pb_row][et_pb_row column_structure=\"1_3,1_3,1_3\" use_custom_gutter=\"on\" gutter_width=\"2\" _builder_version=\"4.19.4\" _module_preset=\"default\" custom_padding=\"0px||||false|false\" global_colors_info=\"{}\"][et_pb_column type=\"1_3\" _builder_version=\"4.19.4\" _module_preset=\"default\" global_colors_info=\"{}\"][et_pb_image src=\"https:\/\/www.inspireme-mc.com\/wp-content\/uploads\/2023\/03\/spettacoli-02.jpg\" title_text=\"spettacoli-02\" admin_label=\"Image\" _builder_version=\"4.19.4\" _module_preset=\"default\" hover_enabled=\"0\" global_colors_info=\"{}\" sticky_enabled=\"0\"][\/et_pb_image][\/et_pb_column][et_pb_column type=\"1_3\" _builder_version=\"4.19.4\" _module_preset=\"default\" global_colors_info=\"{}\"][et_pb_image src=\"https:\/\/www.inspireme-mc.com\/wp-content\/uploads\/2023\/03\/spettacoli-03.jpg\" title_text=\"spettacoli-03\" _builder_version=\"4.19.4\" _module_preset=\"default\" hover_enabled=\"0\" global_colors_info=\"{}\" sticky_enabled=\"0\"][\/et_pb_image][\/et_pb_column][et_pb_column type=\"1_3\" _builder_version=\"4.19.4\" _module_preset=\"default\" global_colors_info=\"{}\"][et_pb_image src=\"https:\/\/www.inspireme-mc.com\/wp-content\/uploads\/2023\/03\/spettacoli-04.jpg\" title_text=\"spettacoli-04\" _builder_version=\"4.19.4\" _module_preset=\"default\" hover_enabled=\"0\" global_colors_info=\"{}\" sticky_enabled=\"0\"][\/et_pb_image][\/et_pb_column][\/et_pb_row][\/et_pb_section]<\/p>","_et_gb_content_width":"","footnotes":""},"class_list":["post-1636","page","type-page","status-publish","hentry"],"yoast_head":"<!-- This site is optimized with the Yoast SEO plugin v27.1.1 - https:\/\/yoast.com\/product\/yoast-seo-wordpress\/ -->\n<title>Services - Spectacles - InspireME Montecarlo - FR<\/title>\n<meta name=\"robots\" content=\"index, follow, max-snippet:-1, max-image-preview:large, max-video-preview:-1\" \/>\n<link rel=\"canonical\" href=\"https:\/\/www.inspireme-mc.com\/fr\/services-spectacles\/\" \/>\n<meta property=\"og:locale\" content=\"it_IT\" \/>\n<meta property=\"og:type\" content=\"article\" \/>\n<meta property=\"og:title\" content=\"Services - Spectacles - InspireME Montecarlo - FR\" \/>\n<meta property=\"og:description\" content=\"Spectacles Le spectacle choisi pour un \u00e9v\u00e9nement nous raconte la personnalit\u00e9 de l&#039;h\u00f4te, il d\u00e9crit le brand d\u2019une entreprise, est un message clair et univoque de l&#039;entreprise. Pour exploiter au mieux ce potentiel et faire appel au niveau \u00e9motionnel, nous fournissons un large \u00e9ventail de choix : &nbsp;\" \/>\n<meta property=\"og:url\" content=\"https:\/\/www.inspireme-mc.com\/fr\/services-spectacles\/\" \/>\n<meta property=\"og:site_name\" content=\"InspireME Montecarlo - FR\" \/>\n<meta property=\"article:modified_time\" content=\"2023-04-04T10:20:37+00:00\" \/>\n<meta name=\"twitter:card\" content=\"summary_large_image\" \/>\n<meta name=\"twitter:label1\" content=\"Tempo di lettura stimato\" \/>\n\t<meta name=\"twitter:data1\" content=\"1 minuto\" \/>\n<script type=\"application\/ld+json\" class=\"yoast-schema-graph\">{\"@context\":\"https:\/\/schema.org\",\"@graph\":[{\"@type\":\"WebPage\",\"@id\":\"https:\/\/www.inspireme-mc.com\/fr\/services-spectacles\/\",\"url\":\"https:\/\/www.inspireme-mc.com\/fr\/services-spectacles\/\",\"name\":\"Services - Spectacles - InspireME Montecarlo - FR\",\"isPartOf\":{\"@id\":\"https:\/\/www.inspireme-mc.com\/fr\/#website\"},\"datePublished\":\"2023-03-05T15:25:01+00:00\",\"dateModified\":\"2023-04-04T10:20:37+00:00\",\"breadcrumb\":{\"@id\":\"https:\/\/www.inspireme-mc.com\/fr\/services-spectacles\/#breadcrumb\"},\"inLanguage\":\"it-IT\",\"potentialAction\":[{\"@type\":\"ReadAction\",\"target\":[\"https:\/\/www.inspireme-mc.com\/fr\/services-spectacles\/\"]}]},{\"@type\":\"BreadcrumbList\",\"@id\":\"https:\/\/www.inspireme-mc.com\/fr\/services-spectacles\/#breadcrumb\",\"itemListElement\":[{\"@type\":\"ListItem\",\"position\":1,\"name\":\"Home\",\"item\":\"https:\/\/www.inspireme-mc.com\/fr\/\"},{\"@type\":\"ListItem\",\"position\":2,\"name\":\"Services &#8211; Spectacles\"}]},{\"@type\":\"WebSite\",\"@id\":\"https:\/\/www.inspireme-mc.com\/fr\/#website\",\"url\":\"https:\/\/www.inspireme-mc.com\/fr\/\",\"name\":\"InspireME Montecarlo - FR\",\"description\":\"\",\"potentialAction\":[{\"@type\":\"SearchAction\",\"target\":{\"@type\":\"EntryPoint\",\"urlTemplate\":\"https:\/\/www.inspireme-mc.com\/fr\/?s={search_term_string}\"},\"query-input\":{\"@type\":\"PropertyValueSpecification\",\"valueRequired\":true,\"valueName\":\"search_term_string\"}}],\"inLanguage\":\"it-IT\"}]}<\/script>\n<!-- \/ Yoast SEO plugin. -->","yoast_head_json":{"title":"Services - Spectacles - InspireME Montecarlo - FR","robots":{"index":"index","follow":"follow","max-snippet":"max-snippet:-1","max-image-preview":"max-image-preview:large","max-video-preview":"max-video-preview:-1"},"canonical":"https:\/\/www.inspireme-mc.com\/fr\/services-spectacles\/","og_locale":"it_IT","og_type":"article","og_title":"Services - Spectacles - InspireME Montecarlo - FR","og_description":"Spectacles Le spectacle choisi pour un \u00e9v\u00e9nement nous raconte la personnalit\u00e9 de l'h\u00f4te, il d\u00e9crit le brand d\u2019une entreprise, est un message clair et univoque de l'entreprise. Pour exploiter au mieux ce potentiel et faire appel au niveau \u00e9motionnel, nous fournissons un large \u00e9ventail de choix : &nbsp;","og_url":"https:\/\/www.inspireme-mc.com\/fr\/services-spectacles\/","og_site_name":"InspireME Montecarlo - FR","article_modified_time":"2023-04-04T10:20:37+00:00","twitter_card":"summary_large_image","twitter_misc":{"Tempo di lettura stimato":"1 minuto"},"schema":{"@context":"https:\/\/schema.org","@graph":[{"@type":"WebPage","@id":"https:\/\/www.inspireme-mc.com\/fr\/services-spectacles\/","url":"https:\/\/www.inspireme-mc.com\/fr\/services-spectacles\/","name":"Services - Spectacles - InspireME Montecarlo - FR","isPartOf":{"@id":"https:\/\/www.inspireme-mc.com\/fr\/#website"},"datePublished":"2023-03-05T15:25:01+00:00","dateModified":"2023-04-04T10:20:37+00:00","breadcrumb":{"@id":"https:\/\/www.inspireme-mc.com\/fr\/services-spectacles\/#breadcrumb"},"inLanguage":"it-IT","potentialAction":[{"@type":"ReadAction","target":["https:\/\/www.inspireme-mc.com\/fr\/services-spectacles\/"]}]},{"@type":"BreadcrumbList","@id":"https:\/\/www.inspireme-mc.com\/fr\/services-spectacles\/#breadcrumb","itemListElement":[{"@type":"ListItem","position":1,"name":"Home","item":"https:\/\/www.inspireme-mc.com\/fr\/"},{"@type":"ListItem","position":2,"name":"Services &#8211; Spectacles"}]},{"@type":"WebSite","@id":"https:\/\/www.inspireme-mc.com\/fr\/#website","url":"https:\/\/www.inspireme-mc.com\/fr\/","name":"InspireME Montecarlo - FR","description":"","potentialAction":[{"@type":"SearchAction","target":{"@type":"EntryPoint","urlTemplate":"https:\/\/www.inspireme-mc.com\/fr\/?s={search_term_string}"},"query-input":{"@type":"PropertyValueSpecification","valueRequired":true,"valueName":"search_term_string"}}],"inLanguage":"it-IT"}]}},"_links":{"self":[{"href":"https:\/\/www.inspireme-mc.com\/fr\/wp-json\/wp\/v2\/pages\/1636","targetHints":{"allow":["GET"]}}],"collection":[{"href":"https:\/\/www.inspireme-mc.com\/fr\/wp-json\/wp\/v2\/pages"}],"about":[{"href":"https:\/\/www.inspireme-mc.com\/fr\/wp-json\/wp\/v2\/types\/page"}],"author":[{"embeddable":true,"href":"https:\/\/www.inspireme-mc.com\/fr\/wp-json\/wp\/v2\/users\/1"}],"replies":[{"embeddable":true,"href":"https:\/\/www.inspireme-mc.com\/fr\/wp-json\/wp\/v2\/comments?post=1636"}],"version-history":[{"count":7,"href":"https:\/\/www.inspireme-mc.com\/fr\/wp-json\/wp\/v2\/pages\/1636\/revisions"}],"predecessor-version":[{"id":8747,"href":"https:\/\/www.inspireme-mc.com\/fr\/wp-json\/wp\/v2\/pages\/1636\/revisions\/8747"}],"wp:attachment":[{"href":"https:\/\/www.inspireme-mc.com\/fr\/wp-json\/wp\/v2\/media?parent=1636"}],"curies":[{"name":"wp","href":"https:\/\/api.w.org\/{rel}","templated":true}]}}